{"id":17255,"date":"2022-05-27T08:49:08","date_gmt":"2022-05-27T06:49:09","guid":{"rendered":"https:\/\/capsbee.com\/?post_type=product&#038;p=17255"},"modified":"2024-05-27T10:30:28","modified_gmt":"2024-05-27T08:30:28","slug":"capsbee-x2","status":"publish","type":"product","link":"https:\/\/capsbee.com\/de\/produkt\/capsbee-x2\/","title":{"rendered":"Capsbee x 2 (Kostenloser Versand)"},"content":{"rendered":"<div class=\"elementor-element elementor-element-b61e0b1 elementor-widget elementor-widget-heading is-mac\" data-id=\"b61e0b1\" data-element_type=\"widget\" data-widget_type=\"heading.default\">\n<div class=\"elementor-widget-container\">\n<h2 class=\"elementor-heading-title elementor-size-default\">Hier ist Deine Capsbee<\/h2>\n<\/div>\n<\/div>\n<div class=\"elementor-element elementor-element-0e55c95 elementor-widget elementor-widget-text-editor is-mac\" data-id=\"0e55c95\" data-element_type=\"widget\" data-widget_type=\"text-editor.default\">\n<div class=\"elementor-widget-container\">\n<div class=\"elementor-text-editor elementor-clearfix\">\n<p>Dein Capsbee ist aus leichtem und luftigem Material gefertigt mit modernem Style. Alle, die Dich mit Deinem Capsbee sehen, werden staunen. Egal ob Du es einfach auf dem Kopf als Sonnenschutz tr\u00e4gst oder mit Deinen Freunden dieses einmalige Spiel spielst. Die besondere Kombination aus Design, verschiedenen Materialien und Gewicht sorgt daf\u00fcr, dass Dein Capsbee wunderbar weit fliegt, beim Flug stabil bleibt und Du Flugrichtung und Entfernung durch den Winkel, mit dem Du Dein Capsbee abwirfst, steuern kannst. Durch ein extrem abriebfestes Gewebe an der Unterseite kann Dein Capsbee fast \u00fcberall landen, ohne Schaden zu nehmen. Die elastische und weiche Krempe sorgt f\u00fcr ein sicheres Fangen mit dem Kopf, wenn Du spielst. Dein Capsbee sitzt sch\u00f6n locker auf Deinem Kopf und hat einen d\u00fcnnen und leichten Stoff. Deine Freunde werden das Design lieben. Produktentwicklung und Design werden zu 100% in Deutschland \u00fcbernommen. Wir arbeiten nur mit ausgew\u00e4hlten und qualifizierten Produzenten zusammen, basierend auf der Erfahrung einer 200 Jahre alten Hutmanufaktur in Deutschland (Seeberger H\u00fcte). Wir sind die einzige offizielle Anlaufstelle f\u00fcr Deinen Capsbee. Dein Capsbee ist schwimmf\u00e4hig, trocknet schnell und kann immer und \u00fcberall getragen werden. Ein wirklich einzigartiges und cooles Highlight ist, dass Dein Capsbee eine individuelle Seriennummer hat. Unverwechselbar, f\u00fcr alle Zeiten.<\/p>\n<\/div>\n<\/div>\n<\/div>\n","protected":false},"excerpt":{"rendered":"<p>Why using your hands, if you can use your head? Capsbee is the reinvention of the flying disc combined with a solid and high quality bucket hat. Werfe Deine Capsbee bis zu 30 Meter und fange sie mit dem Kopf. And don\u2019t worry for sure you can catch your Capsbee with your hands, too.<\/p>\n<p>Wenn Du bereit bist f\u00fcr Neues, dann ist Capsbee f\u00fcr Dich und Deine Freunde genau richtig! Start playing everywhere, with anyone, anytime.<\/p>\n","protected":false},"featured_media":19160,"template":"","meta":[],"product_cat":[78],"product_tag":[],"class_list":{"0":"post-17255","1":"product","2":"type-product","3":"status-publish","4":"has-post-thumbnail","6":"product_cat-unkategorisiert","7":"product_shipping_class-klasse-1","9":"first","10":"instock","11":"sale","12":"taxable","13":"shipping-taxable","14":"purchasable","15":"product-type-variable","16":"has-default-attributes"},"yoast_head":"<!-- This site is optimized with the Yoast SEO plugin v23.6 - https:\/\/yoast.com\/wordpress\/plugins\/seo\/ -->\n<title>Hol Dir Dein Capsbee! | Der offizielle Capsbee Online Shop<\/title>\n<meta name=\"description\" content=\"Leichtes und luftiges Material mit modernem Style. Dein Capsbee wird die Leute um Dich herum zum Staunen bringen.\" \/>\n<meta name=\"robots\" content=\"noindex, nofollow\" \/>\n<meta property=\"og:locale\" content=\"de_DE\" \/>\n<meta property=\"og:type\" content=\"article\" \/>\n<meta property=\"og:title\" content=\"Hol Dir Dein Capsbee! | Der offizielle Capsbee Online Shop\" \/>\n<meta property=\"og:description\" content=\"Leichtes und luftiges Material mit modernem Style. Dein Capsbee wird die Leute um Dich herum zum Staunen bringen.\" \/>\n<meta property=\"og:url\" content=\"https:\/\/capsbee.com\/de\/produkt\/capsbee-x2\/\" \/>\n<meta property=\"og:site_name\" content=\"Capsbee\" \/>\n<meta property=\"article:modified_time\" content=\"2024-05-27T08:30:28+00:00\" \/>\n<meta property=\"og:image\" content=\"https:\/\/capsbee.com\/wp-content\/uploads\/2022\/08\/product_colors-2.jpg\" \/>\n\t<meta property=\"og:image:width\" content=\"1200\" \/>\n\t<meta property=\"og:image:height\" content=\"1200\" \/>\n\t<meta property=\"og:image:type\" content=\"image\/jpeg\" \/>\n<meta name=\"twitter:card\" content=\"summary_large_image\" \/>\n<meta name=\"twitter:label1\" content=\"Gesch\u00e4tzte Lesezeit\" \/>\n\t<meta name=\"twitter:data1\" content=\"1\u00a0Minute\" \/>\n<script type=\"application\/ld+json\" class=\"yoast-schema-graph\">{\"@context\":\"https:\/\/schema.org\",\"@graph\":[{\"@type\":\"WebPage\",\"@id\":\"https:\/\/capsbee.com\/de\/produkt\/capsbee-x2\/\",\"url\":\"https:\/\/capsbee.com\/de\/produkt\/capsbee-x2\/\",\"name\":\"Hol Dir Dein Capsbee! | Der offizielle Capsbee Online Shop\",\"isPartOf\":{\"@id\":\"https:\/\/capsbee.com\/de\/#website\"},\"primaryImageOfPage\":{\"@id\":\"https:\/\/capsbee.com\/de\/produkt\/capsbee-x2\/#primaryimage\"},\"image\":{\"@id\":\"https:\/\/capsbee.com\/de\/produkt\/capsbee-x2\/#primaryimage\"},\"thumbnailUrl\":\"https:\/\/capsbee.com\/wp-content\/uploads\/2022\/08\/product_colors-2.jpg\",\"datePublished\":\"2022-05-27T06:49:09+00:00\",\"dateModified\":\"2024-05-27T08:30:28+00:00\",\"description\":\"Leichtes und luftiges Material mit modernem Style. Dein Capsbee wird die Leute um Dich herum zum Staunen bringen.\",\"breadcrumb\":{\"@id\":\"https:\/\/capsbee.com\/de\/produkt\/capsbee-x2\/#breadcrumb\"},\"inLanguage\":\"de\",\"potentialAction\":[{\"@type\":\"ReadAction\",\"target\":[\"https:\/\/capsbee.com\/de\/produkt\/capsbee-x2\/\"]}]},{\"@type\":\"ImageObject\",\"inLanguage\":\"de\",\"@id\":\"https:\/\/capsbee.com\/de\/produkt\/capsbee-x2\/#primaryimage\",\"url\":\"https:\/\/capsbee.com\/wp-content\/uploads\/2022\/08\/product_colors-2.jpg\",\"contentUrl\":\"https:\/\/capsbee.com\/wp-content\/uploads\/2022\/08\/product_colors-2.jpg\",\"width\":1200,\"height\":1200,\"caption\":\"Capsbee Colors\"},{\"@type\":\"BreadcrumbList\",\"@id\":\"https:\/\/capsbee.com\/de\/produkt\/capsbee-x2\/#breadcrumb\",\"itemListElement\":[{\"@type\":\"ListItem\",\"position\":1,\"name\":\"Home\",\"item\":\"https:\/\/capsbee.com\/de\/landing-39\/\"},{\"@type\":\"ListItem\",\"position\":2,\"name\":\"Produkte\",\"item\":\"https:\/\/capsbee.com\/de\/shop\/\"},{\"@type\":\"ListItem\",\"position\":3,\"name\":\"Capsbee x 2 (Kostenloser Versand)\"}]},{\"@type\":\"WebSite\",\"@id\":\"https:\/\/capsbee.com\/de\/#website\",\"url\":\"https:\/\/capsbee.com\/de\/\",\"name\":\"Capsbee\",\"description\":\"A new sport is born\",\"publisher\":{\"@id\":\"https:\/\/capsbee.com\/de\/#organization\"},\"potentialAction\":[{\"@type\":\"SearchAction\",\"target\":{\"@type\":\"EntryPoint\",\"urlTemplate\":\"https:\/\/capsbee.com\/de\/?s={search_term_string}\"},\"query-input\":{\"@type\":\"PropertyValueSpecification\",\"valueRequired\":true,\"valueName\":\"search_term_string\"}}],\"inLanguage\":\"de\"},{\"@type\":\"Organization\",\"@id\":\"https:\/\/capsbee.com\/de\/#organization\",\"name\":\"Capsbee\",\"url\":\"https:\/\/capsbee.com\/de\/\",\"logo\":{\"@type\":\"ImageObject\",\"inLanguage\":\"de\",\"@id\":\"https:\/\/capsbee.com\/de\/#\/schema\/logo\/image\/\",\"url\":\"https:\/\/capsbee.com\/wp-content\/uploads\/2021\/02\/logo-white-black-small.jpg\",\"contentUrl\":\"https:\/\/capsbee.com\/wp-content\/uploads\/2021\/02\/logo-white-black-small.jpg\",\"width\":1502,\"height\":401,\"caption\":\"Capsbee\"},\"image\":{\"@id\":\"https:\/\/capsbee.com\/de\/#\/schema\/logo\/image\/\"}}]}<\/script>\n<!-- \/ Yoast SEO plugin. -->","yoast_head_json":{"title":"Hol Dir Dein Capsbee! | Der offizielle Capsbee Online Shop","description":"Leichtes und luftiges Material mit modernem Style. Dein Capsbee wird die Leute um Dich herum zum Staunen bringen.","robots":{"index":"noindex","follow":"nofollow"},"og_locale":"de_DE","og_type":"article","og_title":"Hol Dir Dein Capsbee! | Der offizielle Capsbee Online Shop","og_description":"Leichtes und luftiges Material mit modernem Style. Dein Capsbee wird die Leute um Dich herum zum Staunen bringen.","og_url":"https:\/\/capsbee.com\/de\/produkt\/capsbee-x2\/","og_site_name":"Capsbee","article_modified_time":"2024-05-27T08:30:28+00:00","og_image":[{"width":1200,"height":1200,"url":"https:\/\/capsbee.com\/wp-content\/uploads\/2022\/08\/product_colors-2.jpg","type":"image\/jpeg"}],"twitter_card":"summary_large_image","twitter_misc":{"Gesch\u00e4tzte Lesezeit":"1\u00a0Minute"},"schema":{"@context":"https:\/\/schema.org","@graph":[{"@type":"WebPage","@id":"https:\/\/capsbee.com\/de\/produkt\/capsbee-x2\/","url":"https:\/\/capsbee.com\/de\/produkt\/capsbee-x2\/","name":"Hol Dir Dein Capsbee! | Der offizielle Capsbee Online Shop","isPartOf":{"@id":"https:\/\/capsbee.com\/de\/#website"},"primaryImageOfPage":{"@id":"https:\/\/capsbee.com\/de\/produkt\/capsbee-x2\/#primaryimage"},"image":{"@id":"https:\/\/capsbee.com\/de\/produkt\/capsbee-x2\/#primaryimage"},"thumbnailUrl":"https:\/\/capsbee.com\/wp-content\/uploads\/2022\/08\/product_colors-2.jpg","datePublished":"2022-05-27T06:49:09+00:00","dateModified":"2024-05-27T08:30:28+00:00","description":"Leichtes und luftiges Material mit modernem Style. Dein Capsbee wird die Leute um Dich herum zum Staunen bringen.","breadcrumb":{"@id":"https:\/\/capsbee.com\/de\/produkt\/capsbee-x2\/#breadcrumb"},"inLanguage":"de","potentialAction":[{"@type":"ReadAction","target":["https:\/\/capsbee.com\/de\/produkt\/capsbee-x2\/"]}]},{"@type":"ImageObject","inLanguage":"de","@id":"https:\/\/capsbee.com\/de\/produkt\/capsbee-x2\/#primaryimage","url":"https:\/\/capsbee.com\/wp-content\/uploads\/2022\/08\/product_colors-2.jpg","contentUrl":"https:\/\/capsbee.com\/wp-content\/uploads\/2022\/08\/product_colors-2.jpg","width":1200,"height":1200,"caption":"Capsbee Colors"},{"@type":"BreadcrumbList","@id":"https:\/\/capsbee.com\/de\/produkt\/capsbee-x2\/#breadcrumb","itemListElement":[{"@type":"ListItem","position":1,"name":"Home","item":"https:\/\/capsbee.com\/de\/landing-39\/"},{"@type":"ListItem","position":2,"name":"Produkte","item":"https:\/\/capsbee.com\/de\/shop\/"},{"@type":"ListItem","position":3,"name":"Capsbee x 2 (Kostenloser Versand)"}]},{"@type":"WebSite","@id":"https:\/\/capsbee.com\/de\/#website","url":"https:\/\/capsbee.com\/de\/","name":"Capsbee","description":"A new sport is born","publisher":{"@id":"https:\/\/capsbee.com\/de\/#organization"},"potentialAction":[{"@type":"SearchAction","target":{"@type":"EntryPoint","urlTemplate":"https:\/\/capsbee.com\/de\/?s={search_term_string}"},"query-input":{"@type":"PropertyValueSpecification","valueRequired":true,"valueName":"search_term_string"}}],"inLanguage":"de"},{"@type":"Organization","@id":"https:\/\/capsbee.com\/de\/#organization","name":"Capsbee","url":"https:\/\/capsbee.com\/de\/","logo":{"@type":"ImageObject","inLanguage":"de","@id":"https:\/\/capsbee.com\/de\/#\/schema\/logo\/image\/","url":"https:\/\/capsbee.com\/wp-content\/uploads\/2021\/02\/logo-white-black-small.jpg","contentUrl":"https:\/\/capsbee.com\/wp-content\/uploads\/2021\/02\/logo-white-black-small.jpg","width":1502,"height":401,"caption":"Capsbee"},"image":{"@id":"https:\/\/capsbee.com\/de\/#\/schema\/logo\/image\/"}}]}},"jetpack_sharing_enabled":true,"_links":{"self":[{"href":"https:\/\/capsbee.com\/de\/wp-json\/wp\/v2\/product\/17255"}],"collection":[{"href":"https:\/\/capsbee.com\/de\/wp-json\/wp\/v2\/product"}],"about":[{"href":"https:\/\/capsbee.com\/de\/wp-json\/wp\/v2\/types\/product"}],"wp:featuredmedia":[{"embeddable":true,"href":"https:\/\/capsbee.com\/de\/wp-json\/wp\/v2\/media\/19160"}],"wp:attachment":[{"href":"https:\/\/capsbee.com\/de\/wp-json\/wp\/v2\/media?parent=17255"}],"wp:term":[{"taxonomy":"product_cat","embeddable":true,"href":"https:\/\/capsbee.com\/de\/wp-json\/wp\/v2\/product_cat?post=17255"},{"taxonomy":"product_tag","embeddable":true,"href":"https:\/\/capsbee.com\/de\/wp-json\/wp\/v2\/product_tag?post=17255"}],"curies":[{"name":"wp","href":"https:\/\/api.w.org\/{rel}","templated":true}]}}