{"id":15339,"date":"2021-07-20T17:11:52","date_gmt":"2021-07-20T16:11:52","guid":{"rendered":"https:\/\/capsbee.com\/widerrufsbelehrung\/"},"modified":"2024-05-23T16:35:57","modified_gmt":"2024-05-23T14:35:57","slug":"widerrufsbelehrung","status":"publish","type":"page","link":"https:\/\/capsbee.com\/de\/widerrufsbelehrung\/","title":{"rendered":"Widerrufsbelehrung"},"content":{"rendered":"\t\t<div data-elementor-type=\"wp-page\" data-elementor-id=\"15339\" class=\"elementor elementor-15339 elementor-12933\" data-elementor-post-type=\"page\">\n\t\t\t\t\t\t<section class=\"elementor-section elementor-top-section elementor-element elementor-element-10f3bbb elementor-section-boxed elementor-section-height-default elementor-section-height-default\" data-id=\"10f3bbb\" data-element_type=\"section\" data-settings=\"{&quot;jet_parallax_layout_list&quot;:[{&quot;jet_parallax_layout_image&quot;:{&quot;url&quot;:&quot;&quot;,&quot;id&quot;:&quot;&quot;,&quot;size&quot;:&quot;&quot;},&quot;_id&quot;:&quot;736e01f&quot;,&quot;jet_parallax_layout_image_tablet&quot;:{&quot;url&quot;:&quot;&quot;,&quot;id&quot;:&quot;&quot;,&quot;size&quot;:&quot;&quot;},&quot;jet_parallax_layout_image_mobile&quot;:{&quot;url&quot;:&quot;&quot;,&quot;id&quot;:&quot;&quot;,&quot;size&quot;:&quot;&quot;},&quot;jet_parallax_layout_speed&quot;:{&quot;unit&quot;:&quot;%&quot;,&quot;size&quot;:50,&quot;sizes&quot;:[]},&quot;jet_parallax_layout_type&quot;:&quot;scroll&quot;,&quot;jet_parallax_layout_direction&quot;:null,&quot;jet_parallax_layout_fx_direction&quot;:null,&quot;jet_parallax_layout_z_index&quot;:&quot;&quot;,&quot;jet_parallax_layout_bg_x&quot;:50,&quot;jet_parallax_layout_bg_x_tablet&quot;:&quot;&quot;,&quot;jet_parallax_layout_bg_x_mobile&quot;:&quot;&quot;,&quot;jet_parallax_layout_bg_y&quot;:50,&quot;jet_parallax_layout_bg_y_tablet&quot;:&quot;&quot;,&quot;jet_parallax_layout_bg_y_mobile&quot;:&quot;&quot;,&quot;jet_parallax_layout_bg_size&quot;:&quot;auto&quot;,&quot;jet_parallax_layout_bg_size_tablet&quot;:&quot;&quot;,&quot;jet_parallax_layout_bg_size_mobile&quot;:&quot;&quot;,&quot;jet_parallax_layout_animation_prop&quot;:&quot;transform&quot;,&quot;jet_parallax_layout_on&quot;:[&quot;desktop&quot;,&quot;tablet&quot;]}]}\">\n\t\t\t\t\t\t<div class=\"elementor-container elementor-column-gap-default\">\n\t\t\t\t\t<div class=\"elementor-column elementor-col-100 elementor-top-column elementor-element elementor-element-94f89be\" data-id=\"94f89be\" data-element_type=\"column\">\n\t\t\t<div class=\"elementor-widget-wrap elementor-element-populated\">\n\t\t\t\t\t\t<div class=\"elementor-element elementor-element-c63a7b9 elementor-widget elementor-widget-heading\" data-id=\"c63a7b9\" data-element_type=\"widget\" data-widget_type=\"heading.default\">\n\t\t\t\t<div class=\"elementor-widget-container\">\n\t\t\t<h1 class=\"elementor-heading-title elementor-size-default\">Widerrufsbelehrung<\/h1>\t\t<\/div>\n\t\t\t\t<\/div>\n\t\t\t\t<div class=\"elementor-element elementor-element-2ed73f9 elementor-widget elementor-widget-text-editor\" data-id=\"2ed73f9\" data-element_type=\"widget\" data-widget_type=\"text-editor.default\">\n\t\t\t\t<div class=\"elementor-widget-container\">\n\t\t\t\t\t\t\t<p>Verbraucher haben ein vierzehnt\u00e4giges Widerrufsrecht. Um f\u00fcr eine R\u00fcckgabe in Frage zu kommen, muss Ihr Artikel unbenutzt sein und sich in demselben Zustand befinden, in dem Sie ihn erhalten haben. Au\u00dferdem muss er in der Originalverpackung sein.  <\/p>\n<p><strong>Widerrufsrecht<\/strong><br \/>Sie haben das Recht, binnen vierzehn Tagen ohne Angabe von Gr\u00fcnden diesen Vertrag zu widerrufen. Die Widerrufsfrist betr\u00e4gt vierzehn Tage ab dem Tag an dem Sie oder ein von Ihnen benannter Dritter, der nicht der Bef\u00f6rderer ist, die Waren in Besitz genommen haben bzw. hat. <\/p>\n<p>Um Ihr Widerrufsrecht auszu\u00fcben, m\u00fcssen Sie uns (MoveYourCLub GbR), Augsburger Str., informieren. 59, 87700 Memmingen, Deutschland, hello@capsbee.com, Telefon: 083314989166) mittels einer eindeutigen Erkl\u00e4rung (z.B. ein mit der Post versandter Brief, Telefax oder E-Mail) \u00fcber Ihren Entschluss, diesen Vertrag zu widerrufen, informieren. Sie k\u00f6nnen daf\u00fcr das beigef\u00fcgte Muster-Widerrufsformular verwenden, das jedoch nicht vorgeschrieben ist.<\/p>\n<p>Zur Wahrung der Widerrufsfrist reicht es aus, dass Sie die Mitteilung \u00fcber die Aus\u00fcbung des Widerrufsrechts vor Ablauf der Widerrufsfrist absenden.<\/p>\n<p><strong>Folgen des Widerrufs<\/strong><\/p>\n<p>Wenn Sie diesen Vertrag widerrufen, haben wir Ihnen alle Zahlungen, die wir von Ihnen erhalten haben, einschlie\u00dflich der Lieferkosten (mit Ausnahme der zus\u00e4tzlichen Kosten, die sich daraus ergeben, dass Sie eine andere Art der Lieferung als die von uns angebotene, g\u00fcnstigste Standardlieferung gew\u00e4hlt haben), unverz\u00fcglich und sp\u00e4testens binnen vierzehn Tagen ab dem Tag zur\u00fcckzuzahlen, an dem die Mitteilung \u00fcber Ihren Widerruf dieses Vertrags bei uns eingegangen ist. F\u00fcr diese R\u00fcckzahlung verwenden wir dasselbe Zahlungsmittel, das Sie bei der urspr\u00fcnglichen Transaktion eingesetzt haben, es sei denn, mit Ihnen wurde ausdr\u00fccklich etwas anderes vereinbart; in keinem Fall werden Ihnen wegen dieser R\u00fcckzahlung Entgelte berechnet. Wir k\u00f6nnen die R\u00fcckzahlung verweigern, bis wir die Waren wieder zur\u00fcckerhalten haben oder bis Sie den Nachweis erbracht haben, dass Sie die Waren zur\u00fcckgesandt haben, je nachdem, welches der fr\u00fchere Zeitpunkt ist.  <\/p>\n<p>Sie haben die Waren unverz\u00fcglich und in jedem Fall sp\u00e4testens binnen vierzehn Tagen ab dem Tag, an dem Sie uns \u00fcber den Widerruf dieses Vertrags unterrichten, an uns zur\u00fcckzusenden oder zu \u00fcbergeben. Die Frist ist gewahrt, wenn Sie die Waren vor Ablauf der Frist von vierzehn Tagen absenden. Sie tragen die unmittelbaren Kosten der R\u00fccksendung der Waren. Sie m\u00fcssen f\u00fcr einen etwaigen Wertverlust der Waren nur aufkommen, wenn dieser Wertverlust auf einen zur Pr\u00fcfung der Beschaffenheit, Eigenschaften und Funktionsweise der Waren nicht notwendigen Umgang mit ihnen zur\u00fcckzuf\u00fchren ist.   <\/p>\n<p>Wenn Sie einen Artikel versenden, sollten Sie in Erw\u00e4gung ziehen, einen verfolgbaren Versanddienst zu nutzen oder eine Versandversicherung abzuschlie\u00dfen. Wir garantieren nicht, dass wir Ihren zur\u00fcckgesendeten Artikel erhalten. <\/p>\n<p><strong>Muster-Widerrufsformular<\/strong><\/p>\n<p><em>(Wenn Sie den Vertrag widerrufen wollen, dann f\u00fcllen Sie bitte dieses Formular aus und senden Sie es zur\u00fcck.)<\/em><\/p>\n<p>&#8211; An MoveYourClub GbR, Augsburger Str. 59, 87700 Memmingen, Deutschland, hello@capsbee.com<\/p>\n<p>\u2013 Hiermit widerrufe(n) ich\/wir (*) den von mir\/uns (*) abgeschlossenen Vertrag \u00fcber den Kauf der folgenden<br \/>Waren (*)\/die Erbringung der folgenden Dienstleistung (*)<\/p>\n<p>\u2013 Bestellt am (*)\/erhalten am (*)<\/p>\n<p>\u2013 Name des\/der Verbraucher(s)<\/p>\n<p>\u2013 Anschrift des\/der Verbraucher(s)<\/p>\n<p>\u2013 Unterschrift des\/der Verbraucher(s) (nur bei Mitteilung auf Papier)<\/p>\n<p>\u2013 Datum<\/p>\n<p><em>(*) Unzutreffendes streichen.<\/em><\/p>\n\t\t\t\t\t\t<\/div>\n\t\t\t\t<\/div>\n\t\t\t\t\t<\/div>\n\t\t<\/div>\n\t\t\t\t\t<\/div>\n\t\t<\/section>\n\t\t\t\t<\/div>\n\t\t","protected":false},"excerpt":{"rendered":"<p>Widerrufsbelehrung Verbraucher haben ein vierzehnt\u00e4giges Widerrufsrecht. Um f\u00fcr eine R\u00fcckgabe in Frage zu kommen, muss Ihr Artikel unbenutzt sein und sich in demselben Zustand befinden, in dem Sie ihn erhalten haben. Au\u00dferdem muss er in der Originalverpackung sein. WiderrufsrechtSie haben das Recht, binnen vierzehn Tagen ohne Angabe von Gr\u00fcnden diesen Vertrag zu widerrufen. Die Widerrufsfrist [&hellip;]<\/p>\n","protected":false},"author":1,"featured_media":0,"parent":0,"menu_order":0,"comment_status":"closed","ping_status":"closed","template":"page-templates\/fullwidth-content.php","meta":{"footnotes":""},"class_list":["post-15339","page","type-page","status-publish","hentry"],"yoast_head":"<!-- This site is optimized with the Yoast SEO plugin v23.6 - https:\/\/yoast.com\/wordpress\/plugins\/seo\/ -->\n<title>Widerrufsbelehrung | Capsbee<\/title>\n<meta name=\"robots\" content=\"index, follow, max-snippet:-1, max-image-preview:large, max-video-preview:-1\" \/>\n<link rel=\"canonical\" href=\"https:\/\/capsbee.com\/de\/widerrufsbelehrung\/\" \/>\n<meta property=\"og:locale\" content=\"de_DE\" \/>\n<meta property=\"og:type\" content=\"article\" \/>\n<meta property=\"og:title\" content=\"Widerrufsbelehrung | Capsbee\" \/>\n<meta property=\"og:description\" content=\"Widerrufsbelehrung Verbraucher haben ein vierzehnt\u00e4giges Widerrufsrecht. Um f\u00fcr eine R\u00fcckgabe in Frage zu kommen, muss Ihr Artikel unbenutzt sein und sich in demselben Zustand befinden, in dem Sie ihn erhalten haben. Au\u00dferdem muss er in der Originalverpackung sein. WiderrufsrechtSie haben das Recht, binnen vierzehn Tagen ohne Angabe von Gr\u00fcnden diesen Vertrag zu widerrufen. Die Widerrufsfrist [&hellip;]\" \/>\n<meta property=\"og:url\" content=\"https:\/\/capsbee.com\/de\/widerrufsbelehrung\/\" \/>\n<meta property=\"og:site_name\" content=\"Capsbee\" \/>\n<meta property=\"article:modified_time\" content=\"2024-05-23T14:35:57+00:00\" \/>\n<meta name=\"twitter:card\" content=\"summary_large_image\" \/>\n<meta name=\"twitter:label1\" content=\"Gesch\u00e4tzte Lesezeit\" \/>\n\t<meta name=\"twitter:data1\" content=\"3\u00a0Minuten\" \/>\n<script type=\"application\/ld+json\" class=\"yoast-schema-graph\">{\"@context\":\"https:\/\/schema.org\",\"@graph\":[{\"@type\":\"WebPage\",\"@id\":\"https:\/\/capsbee.com\/de\/widerrufsbelehrung\/\",\"url\":\"https:\/\/capsbee.com\/de\/widerrufsbelehrung\/\",\"name\":\"Widerrufsbelehrung | Capsbee\",\"isPartOf\":{\"@id\":\"https:\/\/capsbee.com\/de\/#website\"},\"datePublished\":\"2021-07-20T16:11:52+00:00\",\"dateModified\":\"2024-05-23T14:35:57+00:00\",\"breadcrumb\":{\"@id\":\"https:\/\/capsbee.com\/de\/widerrufsbelehrung\/#breadcrumb\"},\"inLanguage\":\"de\",\"potentialAction\":[{\"@type\":\"ReadAction\",\"target\":[\"https:\/\/capsbee.com\/de\/widerrufsbelehrung\/\"]}]},{\"@type\":\"BreadcrumbList\",\"@id\":\"https:\/\/capsbee.com\/de\/widerrufsbelehrung\/#breadcrumb\",\"itemListElement\":[{\"@type\":\"ListItem\",\"position\":1,\"name\":\"Home\",\"item\":\"https:\/\/capsbee.com\/de\/landing-39\/\"},{\"@type\":\"ListItem\",\"position\":2,\"name\":\"Widerrufsbelehrung\"}]},{\"@type\":\"WebSite\",\"@id\":\"https:\/\/capsbee.com\/de\/#website\",\"url\":\"https:\/\/capsbee.com\/de\/\",\"name\":\"Capsbee\",\"description\":\"A new sport is born\",\"publisher\":{\"@id\":\"https:\/\/capsbee.com\/de\/#organization\"},\"potentialAction\":[{\"@type\":\"SearchAction\",\"target\":{\"@type\":\"EntryPoint\",\"urlTemplate\":\"https:\/\/capsbee.com\/de\/?s={search_term_string}\"},\"query-input\":{\"@type\":\"PropertyValueSpecification\",\"valueRequired\":true,\"valueName\":\"search_term_string\"}}],\"inLanguage\":\"de\"},{\"@type\":\"Organization\",\"@id\":\"https:\/\/capsbee.com\/de\/#organization\",\"name\":\"Capsbee\",\"url\":\"https:\/\/capsbee.com\/de\/\",\"logo\":{\"@type\":\"ImageObject\",\"inLanguage\":\"de\",\"@id\":\"https:\/\/capsbee.com\/de\/#\/schema\/logo\/image\/\",\"url\":\"https:\/\/capsbee.com\/wp-content\/uploads\/2021\/02\/logo-white-black-small.jpg\",\"contentUrl\":\"https:\/\/capsbee.com\/wp-content\/uploads\/2021\/02\/logo-white-black-small.jpg\",\"width\":1502,\"height\":401,\"caption\":\"Capsbee\"},\"image\":{\"@id\":\"https:\/\/capsbee.com\/de\/#\/schema\/logo\/image\/\"}}]}<\/script>\n<!-- \/ Yoast SEO plugin. -->","yoast_head_json":{"title":"Widerrufsbelehrung | Capsbee","robots":{"index":"index","follow":"follow","max-snippet":"max-snippet:-1","max-image-preview":"max-image-preview:large","max-video-preview":"max-video-preview:-1"},"canonical":"https:\/\/capsbee.com\/de\/widerrufsbelehrung\/","og_locale":"de_DE","og_type":"article","og_title":"Widerrufsbelehrung | Capsbee","og_description":"Widerrufsbelehrung Verbraucher haben ein vierzehnt\u00e4giges Widerrufsrecht. Um f\u00fcr eine R\u00fcckgabe in Frage zu kommen, muss Ihr Artikel unbenutzt sein und sich in demselben Zustand befinden, in dem Sie ihn erhalten haben. Au\u00dferdem muss er in der Originalverpackung sein. WiderrufsrechtSie haben das Recht, binnen vierzehn Tagen ohne Angabe von Gr\u00fcnden diesen Vertrag zu widerrufen. Die Widerrufsfrist [&hellip;]","og_url":"https:\/\/capsbee.com\/de\/widerrufsbelehrung\/","og_site_name":"Capsbee","article_modified_time":"2024-05-23T14:35:57+00:00","twitter_card":"summary_large_image","twitter_misc":{"Gesch\u00e4tzte Lesezeit":"3\u00a0Minuten"},"schema":{"@context":"https:\/\/schema.org","@graph":[{"@type":"WebPage","@id":"https:\/\/capsbee.com\/de\/widerrufsbelehrung\/","url":"https:\/\/capsbee.com\/de\/widerrufsbelehrung\/","name":"Widerrufsbelehrung | Capsbee","isPartOf":{"@id":"https:\/\/capsbee.com\/de\/#website"},"datePublished":"2021-07-20T16:11:52+00:00","dateModified":"2024-05-23T14:35:57+00:00","breadcrumb":{"@id":"https:\/\/capsbee.com\/de\/widerrufsbelehrung\/#breadcrumb"},"inLanguage":"de","potentialAction":[{"@type":"ReadAction","target":["https:\/\/capsbee.com\/de\/widerrufsbelehrung\/"]}]},{"@type":"BreadcrumbList","@id":"https:\/\/capsbee.com\/de\/widerrufsbelehrung\/#breadcrumb","itemListElement":[{"@type":"ListItem","position":1,"name":"Home","item":"https:\/\/capsbee.com\/de\/landing-39\/"},{"@type":"ListItem","position":2,"name":"Widerrufsbelehrung"}]},{"@type":"WebSite","@id":"https:\/\/capsbee.com\/de\/#website","url":"https:\/\/capsbee.com\/de\/","name":"Capsbee","description":"A new sport is born","publisher":{"@id":"https:\/\/capsbee.com\/de\/#organization"},"potentialAction":[{"@type":"SearchAction","target":{"@type":"EntryPoint","urlTemplate":"https:\/\/capsbee.com\/de\/?s={search_term_string}"},"query-input":{"@type":"PropertyValueSpecification","valueRequired":true,"valueName":"search_term_string"}}],"inLanguage":"de"},{"@type":"Organization","@id":"https:\/\/capsbee.com\/de\/#organization","name":"Capsbee","url":"https:\/\/capsbee.com\/de\/","logo":{"@type":"ImageObject","inLanguage":"de","@id":"https:\/\/capsbee.com\/de\/#\/schema\/logo\/image\/","url":"https:\/\/capsbee.com\/wp-content\/uploads\/2021\/02\/logo-white-black-small.jpg","contentUrl":"https:\/\/capsbee.com\/wp-content\/uploads\/2021\/02\/logo-white-black-small.jpg","width":1502,"height":401,"caption":"Capsbee"},"image":{"@id":"https:\/\/capsbee.com\/de\/#\/schema\/logo\/image\/"}}]}},"jetpack_sharing_enabled":true,"_links":{"self":[{"href":"https:\/\/capsbee.com\/de\/wp-json\/wp\/v2\/pages\/15339"}],"collection":[{"href":"https:\/\/capsbee.com\/de\/wp-json\/wp\/v2\/pages"}],"about":[{"href":"https:\/\/capsbee.com\/de\/wp-json\/wp\/v2\/types\/page"}],"author":[{"embeddable":true,"href":"https:\/\/capsbee.com\/de\/wp-json\/wp\/v2\/users\/1"}],"replies":[{"embeddable":true,"href":"https:\/\/capsbee.com\/de\/wp-json\/wp\/v2\/comments?post=15339"}],"version-history":[{"count":2,"href":"https:\/\/capsbee.com\/de\/wp-json\/wp\/v2\/pages\/15339\/revisions"}],"predecessor-version":[{"id":20436,"href":"https:\/\/capsbee.com\/de\/wp-json\/wp\/v2\/pages\/15339\/revisions\/20436"}],"wp:attachment":[{"href":"https:\/\/capsbee.com\/de\/wp-json\/wp\/v2\/media?parent=15339"}],"curies":[{"name":"wp","href":"https:\/\/api.w.org\/{rel}","templated":true}]}}